{"id":722,"date":"2017-04-10T11:36:34","date_gmt":"2017-04-10T09:36:34","guid":{"rendered":"http:\/\/www.lebioley.com\/savoie\/?page_id=722"},"modified":"2021-02-04T12:01:26","modified_gmt":"2021-02-04T11:01:26","slug":"pour-les-sportifs","status":"publish","type":"page","link":"https:\/\/www.lebioley.com\/savoie\/activites\/pour-les-sportifs\/","title":{"rendered":"Pour les Sportifs"},"content":{"rendered":"<h5 style=\"text-align: center;\">De la d\u00e9couverte au grand frisson&#8230;<\/h5>\n<p>Vous qui avez <strong>besoin de bouger<\/strong>, vous trouverez obligatoirement votre bonheur en vall\u00e9e de <strong>Tarentaise<\/strong>, que vous veniez <strong>en hiver ou en \u00e9t\u00e9<\/strong>.<\/p>\n<p><img loading=\"lazy\" decoding=\"async\" class=\"alignleft size-medium wp-image-769\" src=\"http:\/\/www.lebioley.com\/savoie\/wp-content\/uploads\/2017\/04\/ski-la-plagne-300x188.jpg\" alt=\"\" width=\"300\" height=\"188\" srcset=\"https:\/\/www.lebioley.com\/savoie\/wp-content\/uploads\/2017\/04\/ski-la-plagne-300x188.jpg 300w, https:\/\/www.lebioley.com\/savoie\/wp-content\/uploads\/2017\/04\/ski-la-plagne-768x481.jpg 768w, https:\/\/www.lebioley.com\/savoie\/wp-content\/uploads\/2017\/04\/ski-la-plagne.jpg 1024w\" sizes=\"(max-width: 300px) 85vw, 300px\" \/>La Savoie et la neige sont indissociables.<br \/>\nNotre <a href=\"https:\/\/www.lebioley.com\/savoie\/le-camping\/les-emplacements\/\">camping<\/a> est entour\u00e9 de <strong>stations de sports d\u2019hiver<\/strong> tr\u00e8s renomm\u00e9es, <strong>La Plagne<\/strong>, <strong>Les Arcs<\/strong>, <strong>Tignes<\/strong>, <strong>Val d\u2019Is\u00e8re<\/strong>, <strong>M\u00e9ribel<\/strong>, <strong>Courchevel<\/strong> et d\u2019autres plus modestes, <strong>Valmorel<\/strong>, <strong>Peisey-Vallandry<\/strong> et <strong>Granier<\/strong> sur Aime par exemple.<br \/>\n<strong>Ski de piste<\/strong>, <strong>ski de fond<\/strong>, <strong>luge<\/strong>, <strong>patin \u00e0 glace<\/strong>,.. de <a href=\"https:\/\/www.lebioley.com\/savoie\/activites\/randonnees-en-raquette\/\">nombreuses possibilit\u00e9s<\/a> s\u2019offrent \u00e0 vous. N\u2019oublions pas que <strong>le ski de randonn\u00e9e<\/strong> est aussi un merveilleux moyen d\u2019allier effort physique, descente grisante et immersion en pleine nature. Les alentours du camping sont parfaits pour la pratique de ce sport.<\/p>\n<p><a href=\"https:\/\/www.lebioley.com\/savoie\/activites\/randonnees-en-ete\/\">En \u00e9t\u00e9<\/a>, les possibilit\u00e9s ne manquent pas non plus.<br \/>\n<img loading=\"lazy\" decoding=\"async\" class=\"alignright size-medium wp-image-785\" src=\"http:\/\/www.lebioley.com\/savoie\/wp-content\/uploads\/2017\/04\/rafting-isere-300x195.jpg\" alt=\"\" width=\"300\" height=\"195\" srcset=\"https:\/\/www.lebioley.com\/savoie\/wp-content\/uploads\/2017\/04\/rafting-isere-300x195.jpg 300w, https:\/\/www.lebioley.com\/savoie\/wp-content\/uploads\/2017\/04\/rafting-isere-768x498.jpg 768w, https:\/\/www.lebioley.com\/savoie\/wp-content\/uploads\/2017\/04\/rafting-isere.jpg 1024w\" sizes=\"(max-width: 300px) 85vw, 300px\" \/>Les descentes en eaux-vives vous tentent, <strong>rafting<\/strong>, <strong>hydrospeed<\/strong>, <strong>cano\u00eb<\/strong> ? <strong>L\u2019Is\u00e8re<\/strong> d\u00e9vale notre vall\u00e9e et de nombreux professionnels peuvent vous accompagner, petits ou grands, d\u00e9butant ou confirm\u00e9s.<br \/>\nDe <strong>tr\u00e8s beaux canyons<\/strong> vous attendent \u00e9galement, n\u2019h\u00e9sitez pas \u00e0 vous renseigner.<br \/>\nMais aussi, <strong>des parois \u00e0 escalader<\/strong>, <strong>des pentes \u00e0 d\u00e9valer<\/strong> \u00e0 v\u00e9lo, <strong>une piste cyclable<\/strong> qui va de Aime \u00e0 Bourg St Maurice, des chemins \u00e0 parcourir en <strong>VTT<\/strong>,\u2026 Et encore pourrez-vous vous envoler en <strong>parapente<\/strong>, en <strong>deltaplane<\/strong> ou autres, les professionnels vous proposent un large choix \u00e0 commencer par les bapt\u00eames.<\/p>\n<p>Les nombreux offices de tourisme des environs pourront vous conseiller au mieux pour la pratique ou la d\u00e9couverte de toutes ces activit\u00e9s.<\/p>\n<h4>Alors, bon sport en <strong>Tarentaise<\/strong> !<\/h4>\n<div id='gallery-1' class='gallery galleryid-722 gallery-columns-6 gallery-size-thumbnail'><figure class='gallery-item'>\n\t\t\t<div class='gallery-icon landscape'>\n\t\t\t\t<a href='https:\/\/www.lebioley.com\/savoie\/wp-content\/uploads\/2017\/04\/canyoning.jpg'><img loading=\"lazy\" decoding=\"async\" width=\"245\" height=\"245\" src=\"https:\/\/www.lebioley.com\/savoie\/wp-content\/uploads\/2017\/04\/canyoning-245x245.jpg\" class=\"attachment-thumbnail size-thumbnail\" alt=\"\" \/><\/a>\n\t\t\t<\/div><\/figure><figure class='gallery-item'>\n\t\t\t<div class='gallery-icon portrait'>\n\t\t\t\t<a href='https:\/\/www.lebioley.com\/savoie\/wp-content\/uploads\/2017\/04\/fat-bike.jpg'><img loading=\"lazy\" decoding=\"async\" width=\"245\" height=\"245\" src=\"https:\/\/www.lebioley.com\/savoie\/wp-content\/uploads\/2017\/04\/fat-bike-245x245.jpg\" class=\"attachment-thumbnail size-thumbnail\" alt=\"\" \/><\/a>\n\t\t\t<\/div><\/figure><figure class='gallery-item'>\n\t\t\t<div class='gallery-icon landscape'>\n\t\t\t\t<a href='https:\/\/www.lebioley.com\/savoie\/wp-content\/uploads\/2017\/04\/hydrospeed.jpg'><img loading=\"lazy\" decoding=\"async\" width=\"245\" height=\"245\" src=\"https:\/\/www.lebioley.com\/savoie\/wp-content\/uploads\/2017\/04\/hydrospeed-245x245.jpg\" class=\"attachment-thumbnail size-thumbnail\" alt=\"\" \/><\/a>\n\t\t\t<\/div><\/figure><figure class='gallery-item'>\n\t\t\t<div class='gallery-icon landscape'>\n\t\t\t\t<a href='https:\/\/www.lebioley.com\/savoie\/wp-content\/uploads\/2017\/04\/parapente-bapteme.jpg'><img loading=\"lazy\" decoding=\"async\" width=\"245\" height=\"245\" src=\"https:\/\/www.lebioley.com\/savoie\/wp-content\/uploads\/2017\/04\/parapente-bapteme-245x245.jpg\" class=\"attachment-thumbnail size-thumbnail\" alt=\"\" \/><\/a>\n\t\t\t<\/div><\/figure><figure class='gallery-item'>\n\t\t\t<div class='gallery-icon portrait'>\n\t\t\t\t<a href='https:\/\/www.lebioley.com\/savoie\/wp-content\/uploads\/2017\/04\/parapente-biplace.jpg'><img loading=\"lazy\" decoding=\"async\" width=\"245\" height=\"245\" src=\"https:\/\/www.lebioley.com\/savoie\/wp-content\/uploads\/2017\/04\/parapente-biplace-245x245.jpg\" class=\"attachment-thumbnail size-thumbnail\" alt=\"\" \/><\/a>\n\t\t\t<\/div><\/figure><figure class='gallery-item'>\n\t\t\t<div class='gallery-icon landscape'>\n\t\t\t\t<a href='https:\/\/www.lebioley.com\/savoie\/wp-content\/uploads\/2017\/04\/rafting-isere.jpg'><img loading=\"lazy\" decoding=\"async\" width=\"245\" height=\"245\" src=\"https:\/\/www.lebioley.com\/savoie\/wp-content\/uploads\/2017\/04\/rafting-isere-245x245.jpg\" class=\"attachment-thumbnail size-thumbnail\" alt=\"\" \/><\/a>\n\t\t\t<\/div><\/figure><figure class='gallery-item'>\n\t\t\t<div class='gallery-icon landscape'>\n\t\t\t\t<a href='https:\/\/www.lebioley.com\/savoie\/wp-content\/uploads\/2017\/04\/roller-voie-verte.jpg'><img loading=\"lazy\" decoding=\"async\" width=\"245\" height=\"245\" src=\"https:\/\/www.lebioley.com\/savoie\/wp-content\/uploads\/2017\/04\/roller-voie-verte-245x245.jpg\" class=\"attachment-thumbnail size-thumbnail\" alt=\"\" \/><\/a>\n\t\t\t<\/div><\/figure><figure class='gallery-item'>\n\t\t\t<div class='gallery-icon landscape'>\n\t\t\t\t<a href='https:\/\/www.lebioley.com\/savoie\/wp-content\/uploads\/2017\/04\/vtt-montagne.jpg'><img loading=\"lazy\" decoding=\"async\" width=\"245\" height=\"245\" src=\"https:\/\/www.lebioley.com\/savoie\/wp-content\/uploads\/2017\/04\/vtt-montagne-245x245.jpg\" class=\"attachment-thumbnail size-thumbnail\" alt=\"\" \/><\/a>\n\t\t\t<\/div><\/figure>\n\t\t<\/div>\n\n","protected":false},"excerpt":{"rendered":"<p>De la d\u00e9couverte au grand frisson&#8230; Vous qui avez besoin de bouger, vous trouverez obligatoirement votre bonheur en vall\u00e9e de Tarentaise, que vous veniez en hiver ou en \u00e9t\u00e9. La Savoie et la neige sont indissociables. Notre camping est entour\u00e9 de stations de sports d\u2019hiver tr\u00e8s renomm\u00e9es, La Plagne, Les Arcs, Tignes, Val d\u2019Is\u00e8re, M\u00e9ribel, &hellip; <a href=\"https:\/\/www.lebioley.com\/savoie\/activites\/pour-les-sportifs\/\" class=\"more-link\">Continuer la lecture<span class=\"screen-reader-text\"> de &laquo;&nbsp;Pour les Sportifs&nbsp;&raquo;<\/span><\/a><\/p>\n","protected":false},"author":5,"featured_media":788,"parent":10,"menu_order":0,"comment_status":"closed","ping_status":"closed","template":"","meta":{"_acf_changed":false,"footnotes":"","_links_to":"","_links_to_target":""},"acf":[],"aioseo_notices":[],"_links":{"self":[{"href":"https:\/\/www.lebioley.com\/savoie\/wp-json\/wp\/v2\/pages\/722"}],"collection":[{"href":"https:\/\/www.lebioley.com\/savoie\/wp-json\/wp\/v2\/pages"}],"about":[{"href":"https:\/\/www.lebioley.com\/savoie\/wp-json\/wp\/v2\/types\/page"}],"author":[{"embeddable":true,"href":"https:\/\/www.lebioley.com\/savoie\/wp-json\/wp\/v2\/users\/5"}],"replies":[{"embeddable":true,"href":"https:\/\/www.lebioley.com\/savoie\/wp-json\/wp\/v2\/comments?post=722"}],"version-history":[{"count":8,"href":"https:\/\/www.lebioley.com\/savoie\/wp-json\/wp\/v2\/pages\/722\/revisions"}],"predecessor-version":[{"id":1023,"href":"https:\/\/www.lebioley.com\/savoie\/wp-json\/wp\/v2\/pages\/722\/revisions\/1023"}],"up":[{"embeddable":true,"href":"https:\/\/www.lebioley.com\/savoie\/wp-json\/wp\/v2\/pages\/10"}],"wp:featuredmedia":[{"embeddable":true,"href":"https:\/\/www.lebioley.com\/savoie\/wp-json\/wp\/v2\/media\/788"}],"wp:attachment":[{"href":"https:\/\/www.lebioley.com\/savoie\/wp-json\/wp\/v2\/media?parent=722"}],"curies":[{"name":"wp","href":"https:\/\/api.w.org\/{rel}","templated":true}]}}