{"id":56,"date":"2017-03-07T11:49:55","date_gmt":"2017-03-07T10:49:55","guid":{"rendered":"http:\/\/www.lebioley.com\/savoie\/?page_id=56"},"modified":"2017-10-26T17:08:17","modified_gmt":"2017-10-26T15:08:17","slug":"mentions-legales","status":"publish","type":"page","link":"https:\/\/www.lebioley.com\/savoie\/mentions-legales\/","title":{"rendered":"Mentions L\u00e9gales"},"content":{"rendered":"<div class=\"entry-content\">\n<div class=\"entry-content\">\n<p>Le site que vous consultez actuellement est la propri\u00e9t\u00e9 de :<\/p>\n<p><strong>Camping Le Bioley<\/strong><strong><br \/>\n<\/strong>Camping \u00e0 la C\u00f4te d&rsquo;Aime &#8211; Savoie<strong><br \/>\n<\/strong><\/p>\n<p>1- H\u00e9bergement du site<\/p>\n<p>Ce site est h\u00e9berg\u00e9 par :<\/p>\n<p>1&amp;1 Internet SARL<br \/>\n7 place de la Gare<br \/>\nBP 70109<br \/>\n57201 Sarreguemines Cedex<br \/>\nTel : 0825 080 020<\/p>\n<p>2- Cr\u00e9ation \u2013 d\u00e9veloppement du site<\/p>\n<p>Conception \u2013 r\u00e9alisation et d\u00e9veloppement : <a id=\"nom-site\" title=\"Agence web et communication \u00e0 Aime La Plagne en Savoie - Cr\u00e9alp\" href=\"http:\/\/www.crealp.fr\/\" target=\"blank\">Agence Cr\u00e9alp<\/a><\/p>\n<p>3- Informatique et libert\u00e9s (CNIL)<\/p>\n<p>Conform\u00e9ment \u00e0 la loi informatique et libert\u00e9s du 6 janvier 1978, nous vous informons que vous disposez d\u2019un droit d\u2019acc\u00e8s, de modification, de rectification et de suppression de vos donn\u00e9es.<\/p>\n<p>Les informations recueillies aupr\u00e8s des personnes par le biais du formulaire de contact ne sauraient \u00eatre divulgu\u00e9es \u00e0 des personnes autres que celles composant notre groupe. Toutefois, tel que l\u2019exige la loi informatique et libert\u00e9s nous vous informons que vos r\u00e9ponses sont facultatives et que le d\u00e9faut de r\u00e9ponse n\u2019entra\u00eenera aucune cons\u00e9quence particuli\u00e8re. N\u00e9anmoins, vos r\u00e9ponses doivent \u00eatre suffisantes pour nous permettre de traiter l\u2019information.<\/p>\n<p>3.1- Cookies<\/p>\n<p>Nous souhaitons implanter un cookie dans votre ordinateur. Un cookie ne nous permet pas de vous identifier. De mani\u00e8re g\u00e9n\u00e9rale, il enregistre des informations relatives \u00e0 la navigation de votre ordinateur sur notre site (les pages que vous avez consult\u00e9es, la date et l\u2019heure de la consultation, etc.) que nous pourrons lire lors de vos visites ult\u00e9rieures. En l\u2019esp\u00e8ce, il contient les informations que vous venez de nous fournir. Ainsi, vous n\u2019aurez pas besoin, lors de votre prochaine visite, de remplir \u00e0 nouveau le formulaire que nous vous avons propos\u00e9.<\/p>\n<p>Nous vous informons que vous pouvez vous opposer \u00e0 l\u2019enregistrement de \u00ab cookies \u00bb en configurant votre navigateur de la mani\u00e8re suivante :<\/p>\n<p>\u2013 Pour Mozilla Firefox :<br \/>\nChoisissez le menu \u00ab outil \u00bb puis \u00ab Options \u00bb<br \/>\nCliquez sur l\u2019ic\u00f4ne \u00ab vie priv\u00e9e \u00bb<br \/>\nRep\u00e9rez le menu \u00ab cookie \u00bb et s\u00e9lectionnez les options qui vous conviennent<\/p>\n<p>\u2013 Pour Google Chrome :<br \/>\nDans le menu en\u00a0 haut a droite, choisissez \u00ab Param\u00e8tres \u00bb<br \/>\nCliquez sur\u00a0\u00ab Afficher les param\u00e8tres avanc\u00e9s\u2026 \u00bb puis sur \u00ab Param\u00e8tres de contenu \u00bb dans la partie \u00ab Confidentialit\u00e9 \u00bb<br \/>\nRep\u00e9rez la partie \u00ab cookies \u00bb et s\u00e9lectionnez les options qui vous conviennent<\/p>\n<p>\u2013 Pour Microsoft Edge :<br \/>\nDans le menu en\u00a0 haut a droite, choisissez \u00ab Param\u00e8tres \u00bb puis cliquez sur le bouton \u00ab Afficher les param\u00e8tres avanc\u00e9s \u00bb<br \/>\nRep\u00e9rez le menu d\u00e9roulant \u00ab cookies \u00bb et s\u00e9lectionnez le niveau souhait\u00e9<\/p>\n<p>\u2013 Pour Microsoft Internet Explorer 6.0 :<br \/>\nchoisissez le menu \u00ab Outils \u00bb (ou \u00ab Tools \u00bb), puis \u00ab Options Internet \u00bb (ou \u00ab Internet Options \u00bb).<br \/>\ncliquez sur l\u2019onglet \u00ab Confidentialit\u00e9 \u00bb (ou \u00ab Confidentiality \u00bb)<br \/>\ns\u00e9lectionnez le niveau souhait\u00e9 \u00e0 l\u2019aide du curseur.<\/p>\n<p>\u2013 Pour Microsoft Internet Explorer 5 :<br \/>\nchoisissez le menu \u00ab Outils \u00bb (ou \u00ab Tools \u00bb), puis \u00ab Options Internet \u00bb (ou \u00ab Internet Options \u00bb).<br \/>\ncliquez sur l\u2019onglet \u00ab Confidentialit\u00e9 \u00bb<br \/>\nPersonnaliser le niveau \u00bb \u00e0 l\u2019aide du curseur<\/p>\n<p>\u2013 Pour Netscape 6.X et 7. X<br \/>\nchoisissez le menu \u00ab Edition \u00bb&gt; \u00bbPr\u00e9f\u00e9rences \u00bb<br \/>\nConfidentialit\u00e9 et S\u00e9curit\u00e9<\/p>\n<p>\u2013 Pour Op\u00e9ra 6.0 et au-del\u00e0 :<br \/>\nchoisissez le menu \u00ab Fichier \u00bb&gt; \u00bbPr\u00e9f\u00e9rences \u00bb<br \/>\nVie Priv\u00e9e<\/p>\n<p>4 \u2013 Cr\u00e9dits photos et vid\u00e9os<\/p>\n<p>5 \u2013 Contact<\/p>\n<p>Pour nous contacter, vous pouvez le faire via <a title=\"Contacter Camp-Car\" href=\"http:\/\/www.lebioley.com\/savoie\/contact\/\">le formulaire de contact<\/a>.<\/p>\n<p>6 \u2013 R\u00e8glement et Conditions d\u2019utilisation<\/p>\n<p>L\u2019utilisation du site internet www.lebioley.com est r\u00e9gie par les mentions l\u00e9gales, dont les conditions g\u00e9n\u00e9rales. L\u2019utilisateur d\u00e9clare avoir pris connaissance et avoir accept\u00e9 express\u00e9ment et de mani\u00e8re inconditionnelle les mentions l\u00e9gales en vigueur au jour de l\u2019acc\u00e8s au site internet.<\/p>\n<p>L\u2019utilisateur s\u2019interdit dans le cadre de l\u2019utilisation du site internet (www.lebioley.com) de se livrer \u00e0 des actes, de quelque nature que ce soit, qui seraient contraires \u00e0 la loi fran\u00e7aise ou qui porteraient atteinte \u00e0 l\u2019ordre public ou aux droits d\u2019un tiers. Tout litige sera de la comp\u00e9tence exclusive des tribunaux fran\u00e7ais et notamment trait\u00e9s dans les tribunaux les plus proches, en distance kilom\u00e9trique \u00e0 parcourir en automobile.<\/p>\n<p>7 \u2013 Contrefa\u00e7on<\/p>\n<p>Toute reproduction, utilisation ou repr\u00e9sentation du site www.lebioley.com, en tout ou partie, \u00e0 d\u2019autres fins sur un quelconque support est interdite. Le non-respect de cette interdiction constitue une contrefa\u00e7on pouvant engager la responsabilit\u00e9 civile et p\u00e9nale du contrefacteur. Les dessins, mod\u00e8les, maquettes ou autre contenu, sont la propri\u00e9t\u00e9 du Camping Le Bioley.<\/p>\n<p>8 \u2013 Responsabilit\u00e9<\/p>\n<p>Nous n\u2019avons aucune obligation de moyens ni de r\u00e9sultats pour toutes les \u00e9tapes et fonctionnalit\u00e9s du site www.lebioley.com. Notre responsabilit\u00e9 ne saurait \u00eatre engag\u00e9e pour tout inconv\u00e9nient ou dommage inh\u00e9rent \u00e0 l\u2019utilisation du r\u00e9seau internet, notamment une rupture du service, de bug, une intrusion ext\u00e9rieure ou la pr\u00e9sence de virus informatique, ou de tout fait qualifi\u00e9 de force majeure, conform\u00e9ment \u00e0 la jurisprudence.<\/p>\n<p>L\u2019internaute d\u00e9clare conna\u00eetre les caract\u00e9ristiques et les limites de l\u2019internet en particulier ses performances techniques, les temps de r\u00e9ponse pour consulter, interroger ou transf\u00e9rer des donn\u00e9es et les risques li\u00e9s \u00e0 la s\u00e9curit\u00e9 des communications.<\/p>\n<p>Nous ne garantissons pas que le site sera exempt d\u2019erreur ou d\u2019omission et nous ne garantissons pas l\u2019exactitude ni la v\u00e9racit\u00e9 des informations, textes, images et tout autre \u00e9l\u00e9ment pr\u00e9sent sur le site. Ces informations n\u2019engagent en rien notre responsabilit\u00e9 sur la qualit\u00e9 r\u00e9elle ou suppos\u00e9e des informations et des services annonc\u00e9s sur le site.<\/p>\n<p>Nous ne sommes pas responsables des pr\u00e9judices li\u00e9s \u00e0 l\u2019utilisation des informations, produits ou services annonc\u00e9s ou pr\u00e9sent\u00e9s sur le site.<\/p>\n<p>Nous nous r\u00e9servons la possibilit\u00e9 de modifier ou de supprimer les prestations propos\u00e9es par l\u2019interm\u00e9diaire du site \u00e0 tout moment sans information des utilisateurs du site.<\/p>\n<p>L\u2019utilisateur peut \u00eatre inform\u00e9 ou \u00eatre orient\u00e9 sur d\u2019autres sites internet. L\u2019utilisation d\u2019autres sites internet est soumise aux conditions d\u2019utilisation propres \u00e0 ces sites internet. Nous ne serons en aucun cas tenus responsables du contenu de ces sites ni de tout dommage r\u00e9sultant de l\u2019utilisation de ceux-ci.<\/p>\n<p>Nous d\u00e9clinons toute responsabilit\u00e9 quant \u00e0 l\u2019ensemble des contenus. Nous ne garantissons pas les informations et d\u00e9clarations erron\u00e9es ou mensong\u00e8res, de quelque nature que ce soit, que pourraient lui transmettre les utilisateurs, annonceurs ou partenaires, ni de tout dommage caus\u00e9 par l\u2019utilisation de ces informations.<\/p>\n<\/div>\n<\/div>\n","protected":false},"excerpt":{"rendered":"<p>Le site que vous consultez actuellement est la propri\u00e9t\u00e9 de : Camping Le Bioley Camping \u00e0 la C\u00f4te d&rsquo;Aime &#8211; Savoie 1- H\u00e9bergement du site Ce site est h\u00e9berg\u00e9 par : 1&amp;1 Internet SARL 7 place de la Gare BP 70109 57201 Sarreguemines Cedex Tel : 0825 080 020 2- Cr\u00e9ation \u2013 d\u00e9veloppement du site &hellip; <a href=\"https:\/\/www.lebioley.com\/savoie\/mentions-legales\/\" class=\"more-link\">Continuer la lecture<span class=\"screen-reader-text\"> de &laquo;&nbsp;Mentions L\u00e9gales&nbsp;&raquo;<\/span><\/a><\/p>\n","protected":false},"author":5,"featured_media":0,"parent":0,"menu_order":1000,"comment_status":"closed","ping_status":"closed","template":"","meta":{"_acf_changed":false,"footnotes":"","_links_to":"","_links_to_target":""},"acf":[],"aioseo_notices":[],"_links":{"self":[{"href":"https:\/\/www.lebioley.com\/savoie\/wp-json\/wp\/v2\/pages\/56"}],"collection":[{"href":"https:\/\/www.lebioley.com\/savoie\/wp-json\/wp\/v2\/pages"}],"about":[{"href":"https:\/\/www.lebioley.com\/savoie\/wp-json\/wp\/v2\/types\/page"}],"author":[{"embeddable":true,"href":"https:\/\/www.lebioley.com\/savoie\/wp-json\/wp\/v2\/users\/5"}],"replies":[{"embeddable":true,"href":"https:\/\/www.lebioley.com\/savoie\/wp-json\/wp\/v2\/comments?post=56"}],"version-history":[{"count":3,"href":"https:\/\/www.lebioley.com\/savoie\/wp-json\/wp\/v2\/pages\/56\/revisions"}],"predecessor-version":[{"id":59,"href":"https:\/\/www.lebioley.com\/savoie\/wp-json\/wp\/v2\/pages\/56\/revisions\/59"}],"wp:attachment":[{"href":"https:\/\/www.lebioley.com\/savoie\/wp-json\/wp\/v2\/media?parent=56"}],"curies":[{"name":"wp","href":"https:\/\/api.w.org\/{rel}","templated":true}]}}