{"id":52,"date":"2017-03-07T11:49:02","date_gmt":"2017-03-07T10:49:02","guid":{"rendered":"http:\/\/www.lebioley.com\/savoie\/?page_id=52"},"modified":"2021-02-04T12:14:47","modified_gmt":"2021-02-04T11:14:47","slug":"randonnees-en-raquette","status":"publish","type":"page","link":"https:\/\/www.lebioley.com\/savoie\/activites\/randonnees-en-raquette\/","title":{"rendered":"Randonn\u00e9es en raquette"},"content":{"rendered":"<h5 style=\"text-align: center;\">Partez directement, raquettes aux pieds !<\/h5>\n<p><img loading=\"lazy\" decoding=\"async\" class=\"alignleft size-medium wp-image-466\" src=\"http:\/\/www.lebioley.com\/savoie\/wp-content\/uploads\/2017\/03\/A-la-queue-leu-leu2-162x300.jpg\" alt=\"\" width=\"162\" height=\"300\" srcset=\"https:\/\/www.lebioley.com\/savoie\/wp-content\/uploads\/2017\/03\/A-la-queue-leu-leu2-162x300.jpg 162w, https:\/\/www.lebioley.com\/savoie\/wp-content\/uploads\/2017\/03\/A-la-queue-leu-leu2.jpg 432w\" sizes=\"(max-width: 162px) 85vw, 162px\" \/><br \/>\nSi vous choisissez la Savoie en hiver, c&rsquo;est certainement pour profiter de <strong>la neige<\/strong>. Alors, bien s\u00fbr, vous pourrez prendre la voiture pour rejoindre <strong>les stations familiales<\/strong> ou <strong>prestigieuses<\/strong> de la vall\u00e9e de <strong>Tarentaise<\/strong> : <strong>La Plagne<\/strong>, <strong>Les Arcs<\/strong> et la petite station de <strong>Granier sur Aime<\/strong>, les plus proches, plus loin, <strong>Tignes<\/strong>, <strong>Val d&rsquo;Is\u00e8re<\/strong>, <strong>Les Menuire<\/strong>s, <strong>Courchevel<\/strong>.<\/p>\n<p>Si vous pr\u00e9f\u00e9rez le calme, <a href=\"https:\/\/www.lebioley.com\/savoie\/le-camping\/les-emplacements\/\"><strong>notre camping<\/strong><\/a> est id\u00e9alement situ\u00e9. \u00c0 1km vous trouverez le site nordique de <strong>La C\u00f4te d&rsquo;Aime<\/strong>, avec ses pistes de <strong>ski de fond<\/strong>, son pr\u00e9 \u00e0 luge s\u00e9curis\u00e9 et le chalet de ski de fond \u00ab\u00a0<strong>Le chalet du Bresson<\/strong>\u00a0\u00bb (location de mat\u00e9riel, restauration). Le parking du chalet est \u00e9galement le point de d\u00e9part de nombreuses balades en <strong>ski de randonn\u00e9e<\/strong>.<\/p>\n<p>Si ce sont les <strong>balades en raquettes<\/strong> qui vous attirent, vous pourrez partir directement du camping.<br \/>\nA vous, <strong>la puret\u00e9 du d\u00e9cor<\/strong>, <strong>les sommets majestueux<\/strong> dans leur manteau blanc !<br \/>\nCe sentiment unique qui nous envahit quand on est le premier \u00e0 fouler ce tapis d\u2019une blancheur immacul\u00e9e. Cette impression de <strong>d\u00e9tente totale<\/strong> quand la beaut\u00e9 de ce qui nous entoure domine toutes nos pens\u00e9es. Au <strong>Bioley<\/strong>, vous en serez tout proches.<br \/>\nSeule contrainte, quitter <strong>la douce chaleur<\/strong> de votre int\u00e9rieur pour <strong>chausser les raquettes<\/strong> et partir \u00e0 la d\u00e9couverte de notre <strong>paradis blanc<\/strong>.<\/p>\n<h4>\u00ab\u00a0On ne s\u2019en lasse pas\u00a0\u00bb dixit un habitu\u00e9<\/h4>\n<div id='gallery-1' class='gallery galleryid-52 gallery-columns-6 gallery-size-thumbnail'><figure class='gallery-item'>\n\t\t\t<div class='gallery-icon landscape'>\n\t\t\t\t<a href='https:\/\/www.lebioley.com\/savoie\/wp-content\/uploads\/2017\/03\/le-bioley-hiver-022-1.jpg'><img loading=\"lazy\" decoding=\"async\" width=\"245\" height=\"245\" src=\"https:\/\/www.lebioley.com\/savoie\/wp-content\/uploads\/2017\/03\/le-bioley-hiver-022-1-245x245.jpg\" class=\"attachment-thumbnail size-thumbnail\" alt=\"\" \/><\/a>\n\t\t\t<\/div><\/figure><figure class='gallery-item'>\n\t\t\t<div class='gallery-icon landscape'>\n\t\t\t\t<a href='https:\/\/www.lebioley.com\/savoie\/wp-content\/uploads\/2017\/03\/le-bioley-hiver-019-1.jpg'><img loading=\"lazy\" decoding=\"async\" width=\"245\" height=\"245\" src=\"https:\/\/www.lebioley.com\/savoie\/wp-content\/uploads\/2017\/03\/le-bioley-hiver-019-1-245x245.jpg\" class=\"attachment-thumbnail size-thumbnail\" alt=\"\" \/><\/a>\n\t\t\t<\/div><\/figure><figure class='gallery-item'>\n\t\t\t<div class='gallery-icon landscape'>\n\t\t\t\t<a href='https:\/\/www.lebioley.com\/savoie\/wp-content\/uploads\/2017\/03\/le-bioley-hiver-017-1.jpg'><img loading=\"lazy\" decoding=\"async\" width=\"245\" height=\"245\" src=\"https:\/\/www.lebioley.com\/savoie\/wp-content\/uploads\/2017\/03\/le-bioley-hiver-017-1-245x245.jpg\" class=\"attachment-thumbnail size-thumbnail\" alt=\"\" \/><\/a>\n\t\t\t<\/div><\/figure><figure class='gallery-item'>\n\t\t\t<div class='gallery-icon landscape'>\n\t\t\t\t<a href='https:\/\/www.lebioley.com\/savoie\/wp-content\/uploads\/2017\/03\/le-bioley-hiver-013-1.jpg'><img loading=\"lazy\" decoding=\"async\" width=\"245\" height=\"245\" src=\"https:\/\/www.lebioley.com\/savoie\/wp-content\/uploads\/2017\/03\/le-bioley-hiver-013-1-245x245.jpg\" class=\"attachment-thumbnail size-thumbnail\" alt=\"\" \/><\/a>\n\t\t\t<\/div><\/figure><figure class='gallery-item'>\n\t\t\t<div class='gallery-icon landscape'>\n\t\t\t\t<a href='https:\/\/www.lebioley.com\/savoie\/wp-content\/uploads\/2017\/03\/le-bioley-hiver-011-1.jpg'><img loading=\"lazy\" decoding=\"async\" width=\"245\" height=\"245\" src=\"https:\/\/www.lebioley.com\/savoie\/wp-content\/uploads\/2017\/03\/le-bioley-hiver-011-1-245x245.jpg\" class=\"attachment-thumbnail size-thumbnail\" alt=\"\" \/><\/a>\n\t\t\t<\/div><\/figure><figure class='gallery-item'>\n\t\t\t<div class='gallery-icon landscape'>\n\t\t\t\t<a href='https:\/\/www.lebioley.com\/savoie\/wp-content\/uploads\/2017\/03\/le-bioley-hiver-009-1.jpg'><img loading=\"lazy\" decoding=\"async\" width=\"245\" height=\"245\" src=\"https:\/\/www.lebioley.com\/savoie\/wp-content\/uploads\/2017\/03\/le-bioley-hiver-009-1-245x245.jpg\" class=\"attachment-thumbnail size-thumbnail\" alt=\"\" \/><\/a>\n\t\t\t<\/div><\/figure><figure class='gallery-item'>\n\t\t\t<div class='gallery-icon landscape'>\n\t\t\t\t<a href='https:\/\/www.lebioley.com\/savoie\/wp-content\/uploads\/2017\/03\/le-bioley-hiver-007-1.jpg'><img loading=\"lazy\" decoding=\"async\" width=\"245\" height=\"245\" src=\"https:\/\/www.lebioley.com\/savoie\/wp-content\/uploads\/2017\/03\/le-bioley-hiver-007-1-245x245.jpg\" class=\"attachment-thumbnail size-thumbnail\" alt=\"\" \/><\/a>\n\t\t\t<\/div><\/figure><figure class='gallery-item'>\n\t\t\t<div class='gallery-icon portrait'>\n\t\t\t\t<a href='https:\/\/www.lebioley.com\/savoie\/wp-content\/uploads\/2017\/03\/LES-FOURS-HIVER-2.jpg'><img loading=\"lazy\" decoding=\"async\" width=\"245\" height=\"245\" src=\"https:\/\/www.lebioley.com\/savoie\/wp-content\/uploads\/2017\/03\/LES-FOURS-HIVER-2-245x245.jpg\" class=\"attachment-thumbnail size-thumbnail\" alt=\"\" \/><\/a>\n\t\t\t<\/div><\/figure><figure class='gallery-item'>\n\t\t\t<div class='gallery-icon landscape'>\n\t\t\t\t<a href='https:\/\/www.lebioley.com\/savoie\/wp-content\/uploads\/2017\/03\/LES-FOURS-HIVER-1.jpg'><img loading=\"lazy\" decoding=\"async\" width=\"245\" height=\"245\" src=\"https:\/\/www.lebioley.com\/savoie\/wp-content\/uploads\/2017\/03\/LES-FOURS-HIVER-1-245x245.jpg\" class=\"attachment-thumbnail size-thumbnail\" alt=\"\" \/><\/a>\n\t\t\t<\/div><\/figure><figure class='gallery-item'>\n\t\t\t<div class='gallery-icon landscape'>\n\t\t\t\t<a href='https:\/\/www.lebioley.com\/savoie\/wp-content\/uploads\/2017\/03\/LA-ROCHE-A-THOMAS-HIVER.jpg'><img loading=\"lazy\" decoding=\"async\" width=\"245\" height=\"245\" src=\"https:\/\/www.lebioley.com\/savoie\/wp-content\/uploads\/2017\/03\/LA-ROCHE-A-THOMAS-HIVER-245x245.jpg\" class=\"attachment-thumbnail size-thumbnail\" alt=\"\" \/><\/a>\n\t\t\t<\/div><\/figure><figure class='gallery-item'>\n\t\t\t<div class='gallery-icon landscape'>\n\t\t\t\t<a href='https:\/\/www.lebioley.com\/savoie\/wp-content\/uploads\/2017\/03\/LA-MARE-AUX-CANARDS-HIVER.jpg'><img loading=\"lazy\" decoding=\"async\" width=\"245\" height=\"245\" src=\"https:\/\/www.lebioley.com\/savoie\/wp-content\/uploads\/2017\/03\/LA-MARE-AUX-CANARDS-HIVER-245x245.jpg\" class=\"attachment-thumbnail size-thumbnail\" alt=\"\" \/><\/a>\n\t\t\t<\/div><\/figure><figure class='gallery-item'>\n\t\t\t<div class='gallery-icon portrait'>\n\t\t\t\t<a href='https:\/\/www.lebioley.com\/savoie\/wp-content\/uploads\/2017\/03\/A-la-queue-leu-leu.jpg'><img loading=\"lazy\" decoding=\"async\" width=\"245\" height=\"245\" src=\"https:\/\/www.lebioley.com\/savoie\/wp-content\/uploads\/2017\/03\/A-la-queue-leu-leu-245x245.jpg\" class=\"attachment-thumbnail size-thumbnail\" alt=\"\" \/><\/a>\n\t\t\t<\/div><\/figure><figure class='gallery-item'>\n\t\t\t<div class='gallery-icon landscape'>\n\t\t\t\t<a href='https:\/\/www.lebioley.com\/savoie\/wp-content\/uploads\/2017\/03\/ST-JACQUES-GRANDE-ROCHETTE.jpg'><img loading=\"lazy\" decoding=\"async\" width=\"245\" height=\"245\" src=\"https:\/\/www.lebioley.com\/savoie\/wp-content\/uploads\/2017\/03\/ST-JACQUES-GRANDE-ROCHETTE-245x245.jpg\" class=\"attachment-thumbnail size-thumbnail\" alt=\"\" \/><\/a>\n\t\t\t<\/div><\/figure><figure class='gallery-item'>\n\t\t\t<div class='gallery-icon landscape'>\n\t\t\t\t<a href='https:\/\/www.lebioley.com\/savoie\/wp-content\/uploads\/2017\/03\/ROCHEBOC-LA-GRANDE-PAREI-MONT-ROSSET-LES-FOURS.jpg'><img loading=\"lazy\" decoding=\"async\" width=\"245\" height=\"245\" src=\"https:\/\/www.lebioley.com\/savoie\/wp-content\/uploads\/2017\/03\/ROCHEBOC-LA-GRANDE-PAREI-MONT-ROSSET-LES-FOURS-245x245.jpg\" class=\"attachment-thumbnail size-thumbnail\" alt=\"\" \/><\/a>\n\t\t\t<\/div><\/figure><figure class='gallery-item'>\n\t\t\t<div class='gallery-icon landscape'>\n\t\t\t\t<a href='https:\/\/www.lebioley.com\/savoie\/wp-content\/uploads\/2017\/03\/rando-neige.jpg'><img loading=\"lazy\" decoding=\"async\" width=\"245\" height=\"245\" src=\"https:\/\/www.lebioley.com\/savoie\/wp-content\/uploads\/2017\/03\/rando-neige-245x245.jpg\" class=\"attachment-thumbnail size-thumbnail\" alt=\"\" \/><\/a>\n\t\t\t<\/div><\/figure><figure class='gallery-item'>\n\t\t\t<div class='gallery-icon landscape'>\n\t\t\t\t<a href='https:\/\/www.lebioley.com\/savoie\/wp-content\/uploads\/2017\/03\/rando-neige-chalets.jpg'><img loading=\"lazy\" decoding=\"async\" width=\"245\" height=\"245\" src=\"https:\/\/www.lebioley.com\/savoie\/wp-content\/uploads\/2017\/03\/rando-neige-chalets-245x245.jpg\" class=\"attachment-thumbnail size-thumbnail\" alt=\"\" \/><\/a>\n\t\t\t<\/div><\/figure><figure class='gallery-item'>\n\t\t\t<div class='gallery-icon landscape'>\n\t\t\t\t<a href='https:\/\/www.lebioley.com\/savoie\/wp-content\/uploads\/2017\/03\/rando-neige-montagne.jpg'><img loading=\"lazy\" decoding=\"async\" width=\"245\" height=\"245\" src=\"https:\/\/www.lebioley.com\/savoie\/wp-content\/uploads\/2017\/03\/rando-neige-montagne-245x245.jpg\" class=\"attachment-thumbnail size-thumbnail\" alt=\"\" \/><\/a>\n\t\t\t<\/div><\/figure><figure class='gallery-item'>\n\t\t\t<div class='gallery-icon landscape'>\n\t\t\t\t<a href='https:\/\/www.lebioley.com\/savoie\/wp-content\/uploads\/2017\/03\/rando-neige-raquette.jpg'><img loading=\"lazy\" decoding=\"async\" width=\"245\" height=\"245\" src=\"https:\/\/www.lebioley.com\/savoie\/wp-content\/uploads\/2017\/03\/rando-neige-raquette-245x245.jpg\" class=\"attachment-thumbnail size-thumbnail\" alt=\"\" \/><\/a>\n\t\t\t<\/div><\/figure><figure class='gallery-item'>\n\t\t\t<div class='gallery-icon landscape'>\n\t\t\t\t<a href='https:\/\/www.lebioley.com\/savoie\/wp-content\/uploads\/2017\/03\/rando-neige-sommets.jpg'><img loading=\"lazy\" decoding=\"async\" width=\"245\" height=\"245\" src=\"https:\/\/www.lebioley.com\/savoie\/wp-content\/uploads\/2017\/03\/rando-neige-sommets-245x245.jpg\" class=\"attachment-thumbnail size-thumbnail\" alt=\"\" \/><\/a>\n\t\t\t<\/div><\/figure><figure class='gallery-item'>\n\t\t\t<div class='gallery-icon landscape'>\n\t\t\t\t<a href='https:\/\/www.lebioley.com\/savoie\/wp-content\/uploads\/2017\/03\/refuge-balme-hiver.jpg'><img loading=\"lazy\" decoding=\"async\" width=\"245\" height=\"245\" src=\"https:\/\/www.lebioley.com\/savoie\/wp-content\/uploads\/2017\/03\/refuge-balme-hiver-245x245.jpg\" class=\"attachment-thumbnail size-thumbnail\" alt=\"\" \/><\/a>\n\t\t\t<\/div><\/figure>\n\t\t<\/div>\n\n","protected":false},"excerpt":{"rendered":"<p>Partez directement, raquettes aux pieds ! Si vous choisissez la Savoie en hiver, c&rsquo;est certainement pour profiter de la neige. Alors, bien s\u00fbr, vous pourrez prendre la voiture pour rejoindre les stations familiales ou prestigieuses de la vall\u00e9e de Tarentaise : La Plagne, Les Arcs et la petite station de Granier sur Aime, les plus &hellip; <a href=\"https:\/\/www.lebioley.com\/savoie\/activites\/randonnees-en-raquette\/\" class=\"more-link\">Continuer la lecture<span class=\"screen-reader-text\"> de &laquo;&nbsp;Randonn\u00e9es en raquette&nbsp;&raquo;<\/span><\/a><\/p>\n","protected":false},"author":5,"featured_media":448,"parent":10,"menu_order":0,"comment_status":"closed","ping_status":"closed","template":"","meta":{"_acf_changed":false,"footnotes":"","_links_to":"","_links_to_target":""},"acf":[],"aioseo_notices":[],"_links":{"self":[{"href":"https:\/\/www.lebioley.com\/savoie\/wp-json\/wp\/v2\/pages\/52"}],"collection":[{"href":"https:\/\/www.lebioley.com\/savoie\/wp-json\/wp\/v2\/pages"}],"about":[{"href":"https:\/\/www.lebioley.com\/savoie\/wp-json\/wp\/v2\/types\/page"}],"author":[{"embeddable":true,"href":"https:\/\/www.lebioley.com\/savoie\/wp-json\/wp\/v2\/users\/5"}],"replies":[{"embeddable":true,"href":"https:\/\/www.lebioley.com\/savoie\/wp-json\/wp\/v2\/comments?post=52"}],"version-history":[{"count":14,"href":"https:\/\/www.lebioley.com\/savoie\/wp-json\/wp\/v2\/pages\/52\/revisions"}],"predecessor-version":[{"id":1025,"href":"https:\/\/www.lebioley.com\/savoie\/wp-json\/wp\/v2\/pages\/52\/revisions\/1025"}],"up":[{"embeddable":true,"href":"https:\/\/www.lebioley.com\/savoie\/wp-json\/wp\/v2\/pages\/10"}],"wp:featuredmedia":[{"embeddable":true,"href":"https:\/\/www.lebioley.com\/savoie\/wp-json\/wp\/v2\/media\/448"}],"wp:attachment":[{"href":"https:\/\/www.lebioley.com\/savoie\/wp-json\/wp\/v2\/media?parent=52"}],"curies":[{"name":"wp","href":"https:\/\/api.w.org\/{rel}","templated":true}]}}