{"id":34,"date":"2017-03-07T11:45:27","date_gmt":"2017-03-07T10:45:27","guid":{"rendered":"http:\/\/www.lebioley.com\/savoie\/?page_id=34"},"modified":"2021-01-29T12:44:45","modified_gmt":"2021-01-29T11:44:45","slug":"chalet-le-fassopourri","status":"publish","type":"page","link":"https:\/\/www.lebioley.com\/savoie\/locations\/chalet-le-fassopourri\/","title":{"rendered":"Location Chalet Le Fassopourri"},"content":{"rendered":"<h5 style=\"text-align: center;\">Votre Chalet cocooning \u00e0 la montagne<\/h5>\n<p><a href=\"http:\/\/www.lebioley.com\/savoie\/wp-content\/uploads\/2017\/03\/plan-chalet-fassopourri.jpg\"><img loading=\"lazy\" decoding=\"async\" class=\"alignright wp-image-637 size-medium\" src=\"http:\/\/www.lebioley.com\/savoie\/wp-content\/uploads\/2017\/03\/plan-chalet-fassopourri-292x300.jpg\" alt=\"\" width=\"292\" height=\"300\" srcset=\"https:\/\/www.lebioley.com\/savoie\/wp-content\/uploads\/2017\/03\/plan-chalet-fassopourri-292x300.jpg 292w, https:\/\/www.lebioley.com\/savoie\/wp-content\/uploads\/2017\/03\/plan-chalet-fassopourri.jpg 682w\" sizes=\"(max-width: 292px) 85vw, 292px\" \/><\/a>Situ\u00e9 en face du <strong>Mont Pourri<\/strong>, <strong>le Fasso<\/strong> vous offre une vue imprenable sur <strong>les montagnes<\/strong>\u00a0et sur <strong>le massif de La Plagne<\/strong>. <a href=\"https:\/\/www.lebioley.com\/savoie\/contact\/\">Contactez-nous<\/a> pour r\u00e9servez votre <strong>chalet en location<\/strong>.<\/p>\n<p>Ce <strong>chalet<\/strong>\u00a0en bois de 35m\u00b2 peut accueillir de 4 \u00e0 6 personnes. Tout a \u00e9t\u00e9 pens\u00e9 pour votre confort, afin que vos <strong>vacances en \u00e9t\u00e9 comme en hiver<\/strong> soient relaxantes.<\/p>\n<p>En \u00e9t\u00e9, sa position dans le <a href=\"https:\/\/www.lebioley.com\/savoie\/le-camping\/les-emplacements\/\"><strong>camping<\/strong><\/a> vous apportera toute la tranquillit\u00e9 indispensable \u00e0 la r\u00e9ussite de votre s\u00e9jour avec tous les avantages de la vie en camping, <a href=\"http:\/\/www.lebioley.com\/savoie\/le-camping\/services\/\"><strong>services<\/strong><\/a>, <a href=\"http:\/\/www.lebioley.com\/savoie\/le-camping\/piscine-et-loisirs\/\"><strong>piscine<\/strong><\/a>, <a href=\"http:\/\/www.lebioley.com\/savoie\/le-camping\/snack-bar\/\"><strong>snack-bar<\/strong><\/a> et convivialit\u00e9.<\/p>\n<p>En hiver, son c\u00f4t\u00e9 cocooning vous charmera \u00e0 coup s\u00fbr et la <strong>puret\u00e9 du d\u00e9cor<\/strong> vous apportera <strong>bien-\u00eatre et s\u00e9r\u00e9nit\u00e9<\/strong>.<br \/>\nSi le c\u0153ur vous en dit vous pouvez m\u00eame <a href=\"http:\/\/www.lebioley.com\/savoie\/activites\/randonnees-en-raquette\/\">chausser les raquettes<\/a> et partir directement du chalet pour une balade ou <a href=\"http:\/\/www.lebioley.com\/savoie\/activites\/randonnees-en-ete\/\">une rando<\/a>.<\/p>\n","protected":false},"excerpt":{"rendered":"<p>Votre Chalet cocooning \u00e0 la montagne Situ\u00e9 en face du Mont Pourri, le Fasso vous offre une vue imprenable sur les montagnes\u00a0et sur le massif de La Plagne. Contactez-nous pour r\u00e9servez votre chalet en location. Ce chalet\u00a0en bois de 35m\u00b2 peut accueillir de 4 \u00e0 6 personnes. Tout a \u00e9t\u00e9 pens\u00e9 pour votre confort, afin &hellip; <a href=\"https:\/\/www.lebioley.com\/savoie\/locations\/chalet-le-fassopourri\/\" class=\"more-link\">Continuer la lecture<span class=\"screen-reader-text\"> de &laquo;&nbsp;Location Chalet Le Fassopourri&nbsp;&raquo;<\/span><\/a><\/p>\n","protected":false},"author":5,"featured_media":0,"parent":8,"menu_order":0,"comment_status":"closed","ping_status":"closed","template":"","meta":{"_acf_changed":false,"footnotes":"","_links_to":"","_links_to_target":""},"acf":[],"aioseo_notices":[],"_links":{"self":[{"href":"https:\/\/www.lebioley.com\/savoie\/wp-json\/wp\/v2\/pages\/34"}],"collection":[{"href":"https:\/\/www.lebioley.com\/savoie\/wp-json\/wp\/v2\/pages"}],"about":[{"href":"https:\/\/www.lebioley.com\/savoie\/wp-json\/wp\/v2\/types\/page"}],"author":[{"embeddable":true,"href":"https:\/\/www.lebioley.com\/savoie\/wp-json\/wp\/v2\/users\/5"}],"replies":[{"embeddable":true,"href":"https:\/\/www.lebioley.com\/savoie\/wp-json\/wp\/v2\/comments?post=34"}],"version-history":[{"count":24,"href":"https:\/\/www.lebioley.com\/savoie\/wp-json\/wp\/v2\/pages\/34\/revisions"}],"predecessor-version":[{"id":1015,"href":"https:\/\/www.lebioley.com\/savoie\/wp-json\/wp\/v2\/pages\/34\/revisions\/1015"}],"up":[{"embeddable":true,"href":"https:\/\/www.lebioley.com\/savoie\/wp-json\/wp\/v2\/pages\/8"}],"wp:attachment":[{"href":"https:\/\/www.lebioley.com\/savoie\/wp-json\/wp\/v2\/media?parent=34"}],"curies":[{"name":"wp","href":"https:\/\/api.w.org\/{rel}","templated":true}]}}