{"id":28,"date":"2017-03-07T11:44:14","date_gmt":"2017-03-07T10:44:14","guid":{"rendered":"http:\/\/www.lebioley.com\/savoie\/?page_id=28"},"modified":"2021-01-29T12:18:58","modified_gmt":"2021-01-29T11:18:58","slug":"services","status":"publish","type":"page","link":"https:\/\/www.lebioley.com\/savoie\/le-camping\/services\/","title":{"rendered":"Les Services du Camping"},"content":{"rendered":"<p><strong>Vos vacances<\/strong> sont pr\u00e9cieuses, chaque moment pass\u00e9 dans notre belle <strong>vall\u00e9e de La Tarentaise<\/strong> doit \u00eatre agr\u00e9able.<br \/>\nNotre <a href=\"https:\/\/www.lebioley.com\/savoie\/le-camping\/les-emplacements\/\"><strong>camping<\/strong><\/a> est l\u00e0 pour vous faire profiter au mieux de <strong>votre s\u00e9jour<\/strong>. C&rsquo;est pourquoi nous mettons diff\u00e9rents services \u00e0 votre disposition.<\/p>\n<figure id=\"attachment_412\" aria-describedby=\"caption-attachment-412\" style=\"width: 156px\" class=\"wp-caption alignright\"><a href=\"http:\/\/www.lebioley.com\/savoie\/wp-content\/uploads\/2017\/03\/IMG_2054-recadr\u00e9e.jpg\"><img loading=\"lazy\" decoding=\"async\" class=\"wp-image-412 size-medium\" src=\"http:\/\/www.lebioley.com\/savoie\/wp-content\/uploads\/2017\/03\/IMG_2054-recadr\u00e9e-156x300.jpg\" alt=\"\" width=\"156\" height=\"300\" srcset=\"https:\/\/www.lebioley.com\/savoie\/wp-content\/uploads\/2017\/03\/IMG_2054-recadr\u00e9e-156x300.jpg 156w, https:\/\/www.lebioley.com\/savoie\/wp-content\/uploads\/2017\/03\/IMG_2054-recadr\u00e9e.jpg 312w\" sizes=\"(max-width: 156px) 85vw, 156px\" \/><\/a><figcaption id=\"caption-attachment-412\" class=\"wp-caption-text\">Carte de randonn\u00e9es en vente<\/figcaption><\/figure>\n<p><a href=\"http:\/\/www.lebioley.com\/savoie\/wp-content\/uploads\/2017\/03\/le-bioley-ete-028-2.jpg\"><img loading=\"lazy\" decoding=\"async\" class=\"alignleft wp-image-411 size-medium\" src=\"http:\/\/www.lebioley.com\/savoie\/wp-content\/uploads\/2017\/03\/le-bioley-ete-028-2-300x200.jpg\" alt=\"\" width=\"300\" height=\"200\" srcset=\"https:\/\/www.lebioley.com\/savoie\/wp-content\/uploads\/2017\/03\/le-bioley-ete-028-2-300x200.jpg 300w, https:\/\/www.lebioley.com\/savoie\/wp-content\/uploads\/2017\/03\/le-bioley-ete-028-2-768x512.jpg 768w, https:\/\/www.lebioley.com\/savoie\/wp-content\/uploads\/2017\/03\/le-bioley-ete-028-2.jpg 1024w\" sizes=\"(max-width: 300px) 85vw, 300px\" \/><\/a>Que ce soit pour un petit d\u00e9jeuner gourmand \u00e0 la fran\u00e7aise, des sandwichs succulents, ou autres repas, vous pourrez chaque jour nous <strong>commander du pain et des viennoiseries<\/strong>.<br \/>\nVous voudrez savoir o\u00f9 <strong>d\u00e9couvrir la fabrication du Beaufort<\/strong>, o\u00f9 <strong>en acheter<\/strong>, o\u00f9 et quand <strong>aller au march\u00e9<\/strong>, <a href=\"http:\/\/www.lebioley.com\/savoie\/activites\/randonnees-en-ete\/\"><strong>quelle randonn\u00e9e pr\u00e9voir<\/strong><\/a>,\u2026<br \/>\nVous serez tent\u00e9 par un vol en parapente, une descente en raft, une promenade \u00e0 cheval, un bon spectacle, &#8230; N&rsquo;h\u00e9sitez pas \u00e0 nous consulter, nous serons ravis de vous aider.<br \/>\nA l\u2019accueil vous trouverez <strong>informations touristiques<\/strong>, <strong>carte de randonn\u00e9e et conseils<\/strong>. Mais vous pourrez aussi vous y procurer de la <strong>glace \u00e0 rafra\u00eechir<\/strong> et vous renseigner pour l\u2019utilisation des lave-linge et du s\u00e8che-linge.<\/p>\n<p>Au <a href=\"http:\/\/www.lebioley.com\/savoie\/le-camping\/snack-bar\/\"><strong>snack-bar<\/strong> \u00ab\u00a0Le Toucui\u00a0\u00bb<\/a>, le wifi gratuit vous permettra de faire vos recherches internet dans un cadre magnifique au bord de la <a title=\"Piscine Chauff\u00e9e et Loisirs au Camping\" href=\"https:\/\/www.lebioley.com\/savoie\/le-camping\/piscine-et-loisirs\/\">piscine chauff\u00e9e<\/a>.<\/p>\n<p>En r\u00e9sum\u00e9, nous sommes \u00e0 votre \u00e9coute et chercherons toujours \u00e0 vous aider afin que vos vacances au <strong>camping Le Bioley<\/strong> soient r\u00e9ussies.<\/p>\n<div id='gallery-1' class='gallery galleryid-28 gallery-columns-6 gallery-size-thumbnail'><figure class='gallery-item'>\n\t\t\t<div class='gallery-icon landscape'>\n\t\t\t\t<a href='https:\/\/www.lebioley.com\/savoie\/wp-content\/uploads\/2017\/03\/services-camping-lebioley-001.jpg'><img loading=\"lazy\" decoding=\"async\" width=\"245\" height=\"245\" src=\"https:\/\/www.lebioley.com\/savoie\/wp-content\/uploads\/2017\/03\/services-camping-lebioley-001-245x245.jpg\" class=\"attachment-thumbnail size-thumbnail\" alt=\"\" \/><\/a>\n\t\t\t<\/div><\/figure><figure class='gallery-item'>\n\t\t\t<div class='gallery-icon landscape'>\n\t\t\t\t<a href='https:\/\/www.lebioley.com\/savoie\/wp-content\/uploads\/2017\/03\/lebioley-services-pain.jpg'><img loading=\"lazy\" decoding=\"async\" width=\"245\" height=\"245\" src=\"https:\/\/www.lebioley.com\/savoie\/wp-content\/uploads\/2017\/03\/lebioley-services-pain-245x245.jpg\" class=\"attachment-thumbnail size-thumbnail\" alt=\"\" \/><\/a>\n\t\t\t<\/div><\/figure><figure class='gallery-item'>\n\t\t\t<div class='gallery-icon landscape'>\n\t\t\t\t<a href='https:\/\/www.lebioley.com\/savoie\/wp-content\/uploads\/2017\/03\/services-camping-lebioley-004.jpg'><img loading=\"lazy\" decoding=\"async\" width=\"245\" height=\"245\" src=\"https:\/\/www.lebioley.com\/savoie\/wp-content\/uploads\/2017\/03\/services-camping-lebioley-004-245x245.jpg\" class=\"attachment-thumbnail size-thumbnail\" alt=\"\" srcset=\"https:\/\/www.lebioley.com\/savoie\/wp-content\/uploads\/2017\/03\/services-camping-lebioley-004-245x245.jpg 245w, https:\/\/www.lebioley.com\/savoie\/wp-content\/uploads\/2017\/03\/services-camping-lebioley-004-300x300.jpg 300w, https:\/\/www.lebioley.com\/savoie\/wp-content\/uploads\/2017\/03\/services-camping-lebioley-004.jpg 515w\" sizes=\"(max-width: 245px) 85vw, 245px\" \/><\/a>\n\t\t\t<\/div><\/figure><figure class='gallery-item'>\n\t\t\t<div class='gallery-icon portrait'>\n\t\t\t\t<a href='https:\/\/www.lebioley.com\/savoie\/wp-content\/uploads\/2017\/03\/services-camping-lebioley-003.jpg'><img loading=\"lazy\" decoding=\"async\" width=\"245\" height=\"245\" src=\"https:\/\/www.lebioley.com\/savoie\/wp-content\/uploads\/2017\/03\/services-camping-lebioley-003-245x245.jpg\" class=\"attachment-thumbnail size-thumbnail\" alt=\"\" \/><\/a>\n\t\t\t<\/div><\/figure><figure class='gallery-item'>\n\t\t\t<div class='gallery-icon landscape'>\n\t\t\t\t<a href='https:\/\/www.lebioley.com\/savoie\/wp-content\/uploads\/2017\/03\/services-camping-lebioley-005.jpg'><img loading=\"lazy\" decoding=\"async\" width=\"245\" height=\"245\" src=\"https:\/\/www.lebioley.com\/savoie\/wp-content\/uploads\/2017\/03\/services-camping-lebioley-005-245x245.jpg\" class=\"attachment-thumbnail size-thumbnail\" alt=\"\" \/><\/a>\n\t\t\t<\/div><\/figure><figure class='gallery-item'>\n\t\t\t<div class='gallery-icon landscape'>\n\t\t\t\t<a href='https:\/\/www.lebioley.com\/savoie\/wp-content\/uploads\/2017\/03\/services-camping-lebioley-002.jpg'><img loading=\"lazy\" decoding=\"async\" width=\"245\" height=\"245\" src=\"https:\/\/www.lebioley.com\/savoie\/wp-content\/uploads\/2017\/03\/services-camping-lebioley-002-245x245.jpg\" class=\"attachment-thumbnail size-thumbnail\" alt=\"\" \/><\/a>\n\t\t\t<\/div><\/figure>\n\t\t<\/div>\n\n","protected":false},"excerpt":{"rendered":"<p>Vos vacances sont pr\u00e9cieuses, chaque moment pass\u00e9 dans notre belle vall\u00e9e de La Tarentaise doit \u00eatre agr\u00e9able. Notre camping est l\u00e0 pour vous faire profiter au mieux de votre s\u00e9jour. C&rsquo;est pourquoi nous mettons diff\u00e9rents services \u00e0 votre disposition. Que ce soit pour un petit d\u00e9jeuner gourmand \u00e0 la fran\u00e7aise, des sandwichs succulents, ou autres &hellip; <a href=\"https:\/\/www.lebioley.com\/savoie\/le-camping\/services\/\" class=\"more-link\">Continuer la lecture<span class=\"screen-reader-text\"> de &laquo;&nbsp;Les Services du Camping&nbsp;&raquo;<\/span><\/a><\/p>\n","protected":false},"author":5,"featured_media":401,"parent":6,"menu_order":3,"comment_status":"closed","ping_status":"closed","template":"","meta":{"_acf_changed":false,"footnotes":"","_links_to":"","_links_to_target":""},"acf":[],"aioseo_notices":[],"_links":{"self":[{"href":"https:\/\/www.lebioley.com\/savoie\/wp-json\/wp\/v2\/pages\/28"}],"collection":[{"href":"https:\/\/www.lebioley.com\/savoie\/wp-json\/wp\/v2\/pages"}],"about":[{"href":"https:\/\/www.lebioley.com\/savoie\/wp-json\/wp\/v2\/types\/page"}],"author":[{"embeddable":true,"href":"https:\/\/www.lebioley.com\/savoie\/wp-json\/wp\/v2\/users\/5"}],"replies":[{"embeddable":true,"href":"https:\/\/www.lebioley.com\/savoie\/wp-json\/wp\/v2\/comments?post=28"}],"version-history":[{"count":18,"href":"https:\/\/www.lebioley.com\/savoie\/wp-json\/wp\/v2\/pages\/28\/revisions"}],"predecessor-version":[{"id":410,"href":"https:\/\/www.lebioley.com\/savoie\/wp-json\/wp\/v2\/pages\/28\/revisions\/410"}],"up":[{"embeddable":true,"href":"https:\/\/www.lebioley.com\/savoie\/wp-json\/wp\/v2\/pages\/6"}],"wp:featuredmedia":[{"embeddable":true,"href":"https:\/\/www.lebioley.com\/savoie\/wp-json\/wp\/v2\/media\/401"}],"wp:attachment":[{"href":"https:\/\/www.lebioley.com\/savoie\/wp-json\/wp\/v2\/media?parent=28"}],"curies":[{"name":"wp","href":"https:\/\/api.w.org\/{rel}","templated":true}]}}