{"id":22,"date":"2017-03-07T11:43:16","date_gmt":"2017-03-07T10:43:16","guid":{"rendered":"http:\/\/www.lebioley.com\/savoie\/?page_id=22"},"modified":"2022-05-16T12:02:49","modified_gmt":"2022-05-16T10:02:49","slug":"les-emplacements","status":"publish","type":"page","link":"https:\/\/www.lebioley.com\/savoie\/le-camping\/les-emplacements\/","title":{"rendered":"Les Emplacements de Camping"},"content":{"rendered":"<h2 style=\"text-align: center;\">Le camping et ses emplacements sont r\u00e9partis sur trois hectares.<\/h2>\n<p><a href=\"http:\/\/www.lebioley.com\/savoie\/wp-content\/uploads\/2017\/03\/emplacements-camping.jpg\"><img loading=\"lazy\" decoding=\"async\" class=\"wp-image-629 size-medium alignleft\" src=\"http:\/\/www.lebioley.com\/savoie\/wp-content\/uploads\/2017\/03\/emplacements-camping-200x300.jpg\" alt=\"\" width=\"200\" height=\"300\" srcset=\"https:\/\/www.lebioley.com\/savoie\/wp-content\/uploads\/2017\/03\/emplacements-camping-200x300.jpg 200w, https:\/\/www.lebioley.com\/savoie\/wp-content\/uploads\/2017\/03\/emplacements-camping.jpg 467w\" sizes=\"(max-width: 200px) 85vw, 200px\" \/><\/a>Notre <strong>camping **<\/strong> est situ\u00e9 dans le village de <strong>La C\u00f4te d&rsquo;Aime<\/strong>, sur la commune de <strong>La Plagne Tarentaise<\/strong>. Les <strong>49 emplacements<\/strong> sont harmonieusement r\u00e9partis sur le terrain. Que vous cherchiez le <strong>soleil<\/strong>, l&rsquo;<strong>ombre<\/strong>, la <strong>tranquillit\u00e9<\/strong>, la <strong>proximit\u00e9 avec <a title=\"Piscine Chauff\u00e9e et Loisirs au Camping\" href=\"https:\/\/www.lebioley.com\/savoie\/le-camping\/piscine-et-loisirs\/\">la piscine<\/a> et les services<\/strong>, nous trouverons celui qui vous correspond.<\/p>\n<p>La <strong>situation id\u00e9ale<\/strong> de notre <strong>camping<\/strong>, face au domaine skiable de <strong>La Plagne<\/strong>, vous promet de pouvoir profiter d&rsquo;un <strong>panorama exceptionnel<\/strong> au c\u0153ur <strong>des montagnes<\/strong> de la <strong>Savoie<\/strong>.<\/p>\n<p>Avec nos emplacements <strong>spacieux<\/strong>, <strong>clairement d\u00e9limit\u00e9s<\/strong> et bien desservis en <strong>eau<\/strong> et en <strong>\u00e9lectricit\u00e9<\/strong>, chacun aura <strong>un espace confortable<\/strong> pour passer des vacances conviviales dans le respect de son <strong>intimit\u00e9<\/strong>.<\/p>\n<p>Que ce soit <strong>en tente<\/strong>, <strong>en caravane<\/strong>, <strong>en camping-car<\/strong>, ou autres, \u00e0 <strong>deux<\/strong>, <strong>seul<\/strong> ou en <strong>famille<\/strong>, nous trouverons un emplacement \u00e0 votre convenance.<\/p>\n<p>&nbsp;<\/p>\n<h4>Photos du camping et ses emplacements<\/h4>\n<div id='gallery-1' class='gallery galleryid-22 gallery-columns-6 gallery-size-thumbnail'><figure class='gallery-item'>\n\t\t\t<div class='gallery-icon landscape'>\n\t\t\t\t<a href='https:\/\/www.lebioley.com\/savoie\/wp-content\/uploads\/2017\/03\/le-bioley-ete-001-1.jpg'><img loading=\"lazy\" decoding=\"async\" width=\"245\" height=\"245\" src=\"https:\/\/www.lebioley.com\/savoie\/wp-content\/uploads\/2017\/03\/le-bioley-ete-001-1-245x245.jpg\" class=\"attachment-thumbnail size-thumbnail\" alt=\"\" \/><\/a>\n\t\t\t<\/div><\/figure><figure class='gallery-item'>\n\t\t\t<div class='gallery-icon portrait'>\n\t\t\t\t<a href='https:\/\/www.lebioley.com\/savoie\/wp-content\/uploads\/2017\/03\/le-bioley-ciel-001.jpg'><img loading=\"lazy\" decoding=\"async\" width=\"245\" height=\"245\" src=\"https:\/\/www.lebioley.com\/savoie\/wp-content\/uploads\/2017\/03\/le-bioley-ciel-001-245x245.jpg\" class=\"attachment-thumbnail size-thumbnail\" alt=\"\" \/><\/a>\n\t\t\t<\/div><\/figure><figure class='gallery-item'>\n\t\t\t<div class='gallery-icon landscape'>\n\t\t\t\t<a href='https:\/\/www.lebioley.com\/savoie\/wp-content\/uploads\/2017\/03\/le-bioley-ciel-004.jpg'><img loading=\"lazy\" decoding=\"async\" width=\"245\" height=\"245\" src=\"https:\/\/www.lebioley.com\/savoie\/wp-content\/uploads\/2017\/03\/le-bioley-ciel-004-245x245.jpg\" class=\"attachment-thumbnail size-thumbnail\" alt=\"\" \/><\/a>\n\t\t\t<\/div><\/figure><figure class='gallery-item'>\n\t\t\t<div class='gallery-icon landscape'>\n\t\t\t\t<a href='https:\/\/www.lebioley.com\/savoie\/wp-content\/uploads\/2017\/03\/lebioley-emplacements-camping-01.jpg'><img loading=\"lazy\" decoding=\"async\" width=\"245\" height=\"245\" src=\"https:\/\/www.lebioley.com\/savoie\/wp-content\/uploads\/2017\/03\/lebioley-emplacements-camping-01-245x245.jpg\" class=\"attachment-thumbnail size-thumbnail\" alt=\"\" \/><\/a>\n\t\t\t<\/div><\/figure><figure class='gallery-item'>\n\t\t\t<div class='gallery-icon landscape'>\n\t\t\t\t<a href='https:\/\/www.lebioley.com\/savoie\/wp-content\/uploads\/2017\/03\/lebioley-emplacements-camping-04.jpg'><img loading=\"lazy\" decoding=\"async\" width=\"245\" height=\"245\" src=\"https:\/\/www.lebioley.com\/savoie\/wp-content\/uploads\/2017\/03\/lebioley-emplacements-camping-04-245x245.jpg\" class=\"attachment-thumbnail size-thumbnail\" alt=\"\" \/><\/a>\n\t\t\t<\/div><\/figure><figure class='gallery-item'>\n\t\t\t<div class='gallery-icon landscape'>\n\t\t\t\t<a href='https:\/\/www.lebioley.com\/savoie\/wp-content\/uploads\/2017\/03\/lebioley-emplacements-camping-02.jpg'><img loading=\"lazy\" decoding=\"async\" width=\"245\" height=\"245\" src=\"https:\/\/www.lebioley.com\/savoie\/wp-content\/uploads\/2017\/03\/lebioley-emplacements-camping-02-245x245.jpg\" class=\"attachment-thumbnail size-thumbnail\" alt=\"\" \/><\/a>\n\t\t\t<\/div><\/figure><figure class='gallery-item'>\n\t\t\t<div class='gallery-icon landscape'>\n\t\t\t\t<a href='https:\/\/www.lebioley.com\/savoie\/wp-content\/uploads\/2017\/03\/le-bioley-ciel-046.jpg'><img loading=\"lazy\" decoding=\"async\" width=\"245\" height=\"245\" src=\"https:\/\/www.lebioley.com\/savoie\/wp-content\/uploads\/2017\/03\/le-bioley-ciel-046-245x245.jpg\" class=\"attachment-thumbnail size-thumbnail\" alt=\"\" \/><\/a>\n\t\t\t<\/div><\/figure><figure class='gallery-item'>\n\t\t\t<div class='gallery-icon landscape'>\n\t\t\t\t<a href='https:\/\/www.lebioley.com\/savoie\/wp-content\/uploads\/2017\/03\/le-bioley-ciel-015.jpg'><img loading=\"lazy\" decoding=\"async\" width=\"245\" height=\"245\" src=\"https:\/\/www.lebioley.com\/savoie\/wp-content\/uploads\/2017\/03\/le-bioley-ciel-015-245x245.jpg\" class=\"attachment-thumbnail size-thumbnail\" alt=\"\" \/><\/a>\n\t\t\t<\/div><\/figure><figure class='gallery-item'>\n\t\t\t<div class='gallery-icon landscape'>\n\t\t\t\t<a href='https:\/\/www.lebioley.com\/savoie\/wp-content\/uploads\/2017\/03\/le-bioley-ete-017-1.jpg'><img loading=\"lazy\" decoding=\"async\" width=\"245\" height=\"245\" src=\"https:\/\/www.lebioley.com\/savoie\/wp-content\/uploads\/2017\/03\/le-bioley-ete-017-1-245x245.jpg\" class=\"attachment-thumbnail size-thumbnail\" alt=\"\" \/><\/a>\n\t\t\t<\/div><\/figure><figure class='gallery-item'>\n\t\t\t<div class='gallery-icon landscape'>\n\t\t\t\t<a href='https:\/\/www.lebioley.com\/savoie\/wp-content\/uploads\/2017\/03\/emplacements-caravane-chalet.jpg'><img loading=\"lazy\" decoding=\"async\" width=\"245\" height=\"245\" src=\"https:\/\/www.lebioley.com\/savoie\/wp-content\/uploads\/2017\/03\/emplacements-caravane-chalet-245x245.jpg\" class=\"attachment-thumbnail size-thumbnail\" alt=\"\" \/><\/a>\n\t\t\t<\/div><\/figure><figure class='gallery-item'>\n\t\t\t<div class='gallery-icon landscape'>\n\t\t\t\t<a href='https:\/\/www.lebioley.com\/savoie\/wp-content\/uploads\/2017\/03\/lebioley-emplacements-camping-03.jpg'><img loading=\"lazy\" decoding=\"async\" width=\"245\" height=\"245\" src=\"https:\/\/www.lebioley.com\/savoie\/wp-content\/uploads\/2017\/03\/lebioley-emplacements-camping-03-245x245.jpg\" class=\"attachment-thumbnail size-thumbnail\" alt=\"\" \/><\/a>\n\t\t\t<\/div><\/figure><figure class='gallery-item'>\n\t\t\t<div class='gallery-icon landscape'>\n\t\t\t\t<a href='https:\/\/www.lebioley.com\/savoie\/wp-content\/uploads\/2017\/03\/emplacement-piscine-paysage.jpg'><img loading=\"lazy\" decoding=\"async\" width=\"245\" height=\"245\" src=\"https:\/\/www.lebioley.com\/savoie\/wp-content\/uploads\/2017\/03\/emplacement-piscine-paysage-245x245.jpg\" class=\"attachment-thumbnail size-thumbnail\" alt=\"\" \/><\/a>\n\t\t\t<\/div><\/figure><figure class='gallery-item'>\n\t\t\t<div class='gallery-icon landscape'>\n\t\t\t\t<a href='https:\/\/www.lebioley.com\/savoie\/wp-content\/uploads\/2017\/03\/emplacement-la-plagne.jpg'><img loading=\"lazy\" decoding=\"async\" width=\"245\" height=\"245\" src=\"https:\/\/www.lebioley.com\/savoie\/wp-content\/uploads\/2017\/03\/emplacement-la-plagne-245x245.jpg\" class=\"attachment-thumbnail size-thumbnail\" alt=\"\" \/><\/a>\n\t\t\t<\/div><\/figure><figure class='gallery-item'>\n\t\t\t<div class='gallery-icon landscape'>\n\t\t\t\t<a href='https:\/\/www.lebioley.com\/savoie\/wp-content\/uploads\/2017\/03\/emplacement-ombrage-vue-montagnes.jpg'><img loading=\"lazy\" decoding=\"async\" width=\"245\" height=\"245\" src=\"https:\/\/www.lebioley.com\/savoie\/wp-content\/uploads\/2017\/03\/emplacement-ombrage-vue-montagnes-245x245.jpg\" class=\"attachment-thumbnail size-thumbnail\" alt=\"\" \/><\/a>\n\t\t\t<\/div><\/figure><figure class='gallery-item'>\n\t\t\t<div class='gallery-icon landscape'>\n\t\t\t\t<a href='https:\/\/www.lebioley.com\/savoie\/wp-content\/uploads\/2017\/03\/emplacements-camping-lebioley-003.jpg'><img loading=\"lazy\" decoding=\"async\" width=\"245\" height=\"245\" src=\"https:\/\/www.lebioley.com\/savoie\/wp-content\/uploads\/2017\/03\/emplacements-camping-lebioley-003-245x245.jpg\" class=\"attachment-thumbnail size-thumbnail\" alt=\"\" \/><\/a>\n\t\t\t<\/div><\/figure><figure class='gallery-item'>\n\t\t\t<div class='gallery-icon landscape'>\n\t\t\t\t<a href='https:\/\/www.lebioley.com\/savoie\/wp-content\/uploads\/2017\/03\/emplacement-vue-soleil-couchant-la-plagne.jpg'><img loading=\"lazy\" decoding=\"async\" width=\"245\" height=\"245\" src=\"https:\/\/www.lebioley.com\/savoie\/wp-content\/uploads\/2017\/03\/emplacement-vue-soleil-couchant-la-plagne-245x245.jpg\" class=\"attachment-thumbnail size-thumbnail\" alt=\"\" \/><\/a>\n\t\t\t<\/div><\/figure><figure class='gallery-item'>\n\t\t\t<div class='gallery-icon landscape'>\n\t\t\t\t<a href='https:\/\/www.lebioley.com\/savoie\/wp-content\/uploads\/2017\/03\/emplacement-ombrage.jpg'><img loading=\"lazy\" decoding=\"async\" width=\"245\" height=\"245\" src=\"https:\/\/www.lebioley.com\/savoie\/wp-content\/uploads\/2017\/03\/emplacement-ombrage-245x245.jpg\" class=\"attachment-thumbnail size-thumbnail\" alt=\"\" \/><\/a>\n\t\t\t<\/div><\/figure><figure class='gallery-item'>\n\t\t\t<div class='gallery-icon landscape'>\n\t\t\t\t<a href='https:\/\/www.lebioley.com\/savoie\/wp-content\/uploads\/2017\/03\/emplacements-chalets.jpg'><img loading=\"lazy\" decoding=\"async\" width=\"245\" height=\"245\" src=\"https:\/\/www.lebioley.com\/savoie\/wp-content\/uploads\/2017\/03\/emplacements-chalets-245x245.jpg\" class=\"attachment-thumbnail size-thumbnail\" alt=\"\" \/><\/a>\n\t\t\t<\/div><\/figure><figure class='gallery-item'>\n\t\t\t<div class='gallery-icon landscape'>\n\t\t\t\t<a href='https:\/\/www.lebioley.com\/savoie\/wp-content\/uploads\/2017\/03\/emplacements-vue-ciel.jpg'><img loading=\"lazy\" decoding=\"async\" width=\"245\" height=\"245\" src=\"https:\/\/www.lebioley.com\/savoie\/wp-content\/uploads\/2017\/03\/emplacements-vue-ciel-245x245.jpg\" class=\"attachment-thumbnail size-thumbnail\" alt=\"\" \/><\/a>\n\t\t\t<\/div><\/figure><figure class='gallery-item'>\n\t\t\t<div class='gallery-icon landscape'>\n\t\t\t\t<a href='https:\/\/www.lebioley.com\/savoie\/wp-content\/uploads\/2017\/03\/emplacement-camping-car.jpg'><img loading=\"lazy\" decoding=\"async\" width=\"245\" height=\"245\" src=\"https:\/\/www.lebioley.com\/savoie\/wp-content\/uploads\/2017\/03\/emplacement-camping-car-245x245.jpg\" class=\"attachment-thumbnail size-thumbnail\" alt=\"\" \/><\/a>\n\t\t\t<\/div><\/figure><figure class='gallery-item'>\n\t\t\t<div class='gallery-icon landscape'>\n\t\t\t\t<a href='https:\/\/www.lebioley.com\/savoie\/wp-content\/uploads\/2017\/03\/emplacement-tranquille.jpg'><img loading=\"lazy\" decoding=\"async\" width=\"245\" height=\"245\" src=\"https:\/\/www.lebioley.com\/savoie\/wp-content\/uploads\/2017\/03\/emplacement-tranquille-245x245.jpg\" class=\"attachment-thumbnail size-thumbnail\" alt=\"\" \/><\/a>\n\t\t\t<\/div><\/figure><figure class='gallery-item'>\n\t\t\t<div class='gallery-icon landscape'>\n\t\t\t\t<a href='https:\/\/www.lebioley.com\/savoie\/wp-content\/uploads\/2017\/03\/emplacements-vue-montagne.jpg'><img loading=\"lazy\" decoding=\"async\" width=\"245\" height=\"245\" src=\"https:\/\/www.lebioley.com\/savoie\/wp-content\/uploads\/2017\/03\/emplacements-vue-montagne-245x245.jpg\" class=\"attachment-thumbnail size-thumbnail\" alt=\"\" \/><\/a>\n\t\t\t<\/div><\/figure><figure class='gallery-item'>\n\t\t\t<div class='gallery-icon landscape'>\n\t\t\t\t<a href='https:\/\/www.lebioley.com\/savoie\/wp-content\/uploads\/2017\/03\/emplacements-vue-montagnes.jpg'><img loading=\"lazy\" decoding=\"async\" width=\"245\" height=\"245\" src=\"https:\/\/www.lebioley.com\/savoie\/wp-content\/uploads\/2017\/03\/emplacements-vue-montagnes-245x245.jpg\" class=\"attachment-thumbnail size-thumbnail\" alt=\"\" \/><\/a>\n\t\t\t<\/div><\/figure><figure class='gallery-item'>\n\t\t\t<div class='gallery-icon landscape'>\n\t\t\t\t<a href='https:\/\/www.lebioley.com\/savoie\/wp-content\/uploads\/2017\/03\/emplacements-camping-car-vue-ciel.jpg'><img loading=\"lazy\" decoding=\"async\" width=\"245\" height=\"245\" src=\"https:\/\/www.lebioley.com\/savoie\/wp-content\/uploads\/2017\/03\/emplacements-camping-car-vue-ciel-245x245.jpg\" class=\"attachment-thumbnail size-thumbnail\" alt=\"\" \/><\/a>\n\t\t\t<\/div><\/figure><figure class='gallery-item'>\n\t\t\t<div class='gallery-icon landscape'>\n\t\t\t\t<a href='https:\/\/www.lebioley.com\/savoie\/wp-content\/uploads\/2017\/03\/emplacement-vide.jpg'><img loading=\"lazy\" decoding=\"async\" width=\"245\" height=\"245\" src=\"https:\/\/www.lebioley.com\/savoie\/wp-content\/uploads\/2017\/03\/emplacement-vide-245x245.jpg\" class=\"attachment-thumbnail size-thumbnail\" alt=\"\" \/><\/a>\n\t\t\t<\/div><\/figure><figure class='gallery-item'>\n\t\t\t<div class='gallery-icon landscape'>\n\t\t\t\t<a href='https:\/\/www.lebioley.com\/savoie\/wp-content\/uploads\/2017\/03\/emplacements-tente-vue-montagnes.jpg'><img loading=\"lazy\" decoding=\"async\" width=\"245\" height=\"245\" src=\"https:\/\/www.lebioley.com\/savoie\/wp-content\/uploads\/2017\/03\/emplacements-tente-vue-montagnes-245x245.jpg\" class=\"attachment-thumbnail size-thumbnail\" alt=\"\" \/><\/a>\n\t\t\t<\/div><\/figure><figure class='gallery-item'>\n\t\t\t<div class='gallery-icon landscape'>\n\t\t\t\t<a href='https:\/\/www.lebioley.com\/savoie\/wp-content\/uploads\/2017\/03\/8-emplt-693-ligne-4-milieu-recadr\u00e9e.jpg'><img loading=\"lazy\" decoding=\"async\" width=\"245\" height=\"245\" src=\"https:\/\/www.lebioley.com\/savoie\/wp-content\/uploads\/2017\/03\/8-emplt-693-ligne-4-milieu-recadr\u00e9e-245x245.jpg\" class=\"attachment-thumbnail size-thumbnail\" alt=\"\" \/><\/a>\n\t\t\t<\/div><\/figure><figure class='gallery-item'>\n\t\t\t<div class='gallery-icon landscape'>\n\t\t\t\t<a href='https:\/\/www.lebioley.com\/savoie\/wp-content\/uploads\/2017\/03\/emplacements-camping-lebioley-002.jpg'><img loading=\"lazy\" decoding=\"async\" width=\"245\" height=\"245\" src=\"https:\/\/www.lebioley.com\/savoie\/wp-content\/uploads\/2017\/03\/emplacements-camping-lebioley-002-245x245.jpg\" class=\"attachment-thumbnail size-thumbnail\" alt=\"\" \/><\/a>\n\t\t\t<\/div><\/figure><figure class='gallery-item'>\n\t\t\t<div class='gallery-icon landscape'>\n\t\t\t\t<a href='https:\/\/www.lebioley.com\/savoie\/wp-content\/uploads\/2017\/03\/emplacements-camping-lebioley-004.jpg'><img loading=\"lazy\" decoding=\"async\" width=\"245\" height=\"245\" src=\"https:\/\/www.lebioley.com\/savoie\/wp-content\/uploads\/2017\/03\/emplacements-camping-lebioley-004-245x245.jpg\" class=\"attachment-thumbnail size-thumbnail\" alt=\"\" \/><\/a>\n\t\t\t<\/div><\/figure><figure class='gallery-item'>\n\t\t\t<div class='gallery-icon landscape'>\n\t\t\t\t<a href='https:\/\/www.lebioley.com\/savoie\/wp-content\/uploads\/2017\/03\/emplacements-camping-lebioley-005.jpg'><img loading=\"lazy\" decoding=\"async\" width=\"245\" height=\"245\" src=\"https:\/\/www.lebioley.com\/savoie\/wp-content\/uploads\/2017\/03\/emplacements-camping-lebioley-005-245x245.jpg\" class=\"attachment-thumbnail size-thumbnail\" alt=\"\" \/><\/a>\n\t\t\t<\/div><\/figure><figure class='gallery-item'>\n\t\t\t<div class='gallery-icon landscape'>\n\t\t\t\t<a href='https:\/\/www.lebioley.com\/savoie\/wp-content\/uploads\/2017\/03\/emplacements-hiver-ciel.jpg'><img loading=\"lazy\" decoding=\"async\" width=\"245\" height=\"245\" src=\"https:\/\/www.lebioley.com\/savoie\/wp-content\/uploads\/2017\/03\/emplacements-hiver-ciel-245x245.jpg\" class=\"attachment-thumbnail size-thumbnail\" alt=\"\" \/><\/a>\n\t\t\t<\/div><\/figure><figure class='gallery-item'>\n\t\t\t<div class='gallery-icon landscape'>\n\t\t\t\t<a href='https:\/\/www.lebioley.com\/savoie\/wp-content\/uploads\/2017\/03\/emplacements-hiver-la-plagne.jpg'><img loading=\"lazy\" decoding=\"async\" width=\"245\" height=\"245\" src=\"https:\/\/www.lebioley.com\/savoie\/wp-content\/uploads\/2017\/03\/emplacements-hiver-la-plagne-245x245.jpg\" class=\"attachment-thumbnail size-thumbnail\" alt=\"\" \/><\/a>\n\t\t\t<\/div><\/figure>\n\t\t<\/div>\n\n","protected":false},"excerpt":{"rendered":"<p>Le camping et ses emplacements sont r\u00e9partis sur trois hectares. Notre camping ** est situ\u00e9 dans le village de La C\u00f4te d&rsquo;Aime, sur la commune de La Plagne Tarentaise. Les 49 emplacements sont harmonieusement r\u00e9partis sur le terrain. Que vous cherchiez le soleil, l&rsquo;ombre, la tranquillit\u00e9, la proximit\u00e9 avec la piscine et les services, nous &hellip; <a href=\"https:\/\/www.lebioley.com\/savoie\/le-camping\/les-emplacements\/\" class=\"more-link\">Continuer la lecture<span class=\"screen-reader-text\"> de &laquo;&nbsp;Les Emplacements de Camping&nbsp;&raquo;<\/span><\/a><\/p>\n","protected":false},"author":5,"featured_media":407,"parent":6,"menu_order":0,"comment_status":"closed","ping_status":"closed","template":"","meta":{"_acf_changed":false,"footnotes":"","_links_to":"","_links_to_target":""},"acf":[],"aioseo_notices":[],"_links":{"self":[{"href":"https:\/\/www.lebioley.com\/savoie\/wp-json\/wp\/v2\/pages\/22"}],"collection":[{"href":"https:\/\/www.lebioley.com\/savoie\/wp-json\/wp\/v2\/pages"}],"about":[{"href":"https:\/\/www.lebioley.com\/savoie\/wp-json\/wp\/v2\/types\/page"}],"author":[{"embeddable":true,"href":"https:\/\/www.lebioley.com\/savoie\/wp-json\/wp\/v2\/users\/5"}],"replies":[{"embeddable":true,"href":"https:\/\/www.lebioley.com\/savoie\/wp-json\/wp\/v2\/comments?post=22"}],"version-history":[{"count":30,"href":"https:\/\/www.lebioley.com\/savoie\/wp-json\/wp\/v2\/pages\/22\/revisions"}],"predecessor-version":[{"id":1046,"href":"https:\/\/www.lebioley.com\/savoie\/wp-json\/wp\/v2\/pages\/22\/revisions\/1046"}],"up":[{"embeddable":true,"href":"https:\/\/www.lebioley.com\/savoie\/wp-json\/wp\/v2\/pages\/6"}],"wp:featuredmedia":[{"embeddable":true,"href":"https:\/\/www.lebioley.com\/savoie\/wp-json\/wp\/v2\/media\/407"}],"wp:attachment":[{"href":"https:\/\/www.lebioley.com\/savoie\/wp-json\/wp\/v2\/media?parent=22"}],"curies":[{"name":"wp","href":"https:\/\/api.w.org\/{rel}","templated":true}]}}