{"id":18,"date":"2017-03-07T11:42:12","date_gmt":"2017-03-07T10:42:12","guid":{"rendered":"http:\/\/www.lebioley.com\/savoie\/?page_id=18"},"modified":"2021-02-04T11:51:49","modified_gmt":"2021-02-04T10:51:49","slug":"acces","status":"publish","type":"page","link":"https:\/\/www.lebioley.com\/savoie\/acces\/","title":{"rendered":"Acc\u00e8s au Camping Le Bioley"},"content":{"rendered":"<p><strong>Le camping\u00a0 \u00ab Le Bioley\u00a0 \u00bb<\/strong> se situe sur la commune de <strong>La Plagne Tarentaise<\/strong>, au dessus du village de <strong>La C\u00f4te d\u2019Aime<\/strong> apr\u00e8s Les Bergeries.<\/p>\n<p><iframe loading=\"lazy\" style=\"border: 0;\" src=\"https:\/\/www.google.com\/maps\/embed?pb=!1m18!1m12!1m3!1d4834.130637567439!2d6.669440014054172!3d45.57922676496048!2m3!1f0!2f0!3f0!3m2!1i1024!2i768!4f13.1!3m3!1m2!1s0x4789649e3fae9c81%3A0x1b7a4395c945688e!2sCamping+Le+Bioley!5e0!3m2!1sfr!2sfr!4v1489574467869\" width=\"960\" height=\"450\" frameborder=\"0\" allowfullscreen=\"allowfullscreen\"><\/iframe><\/p>\n<p>&nbsp;<\/p>\n<p>Coordonn\u00e9es GPS : 45.579876, 6.670587<img loading=\"lazy\" decoding=\"async\" class=\"size-full wp-image-709 alignleft\" src=\"http:\/\/www.lebioley.com\/savoie\/wp-content\/uploads\/2017\/03\/france-acces.png\" alt=\"\" width=\"200\" height=\"200\" \/><\/p>\n<p>Depuis Chamb\u00e9ry : A43 vers Albertville<br \/>\nDepuis Grenoble : A41 puis A43 vers Albertville<\/p>\n<p>Continuer sur Mo\u00fbtiers, puis Aime \/ Bourg-St-Maurice<\/p>\n<p>Sortir \u00e0 Aime puis suivre La C\u00f4te d&rsquo;Aime<\/p>\n","protected":false},"excerpt":{"rendered":"<p>Le camping\u00a0 \u00ab Le Bioley\u00a0 \u00bb se situe sur la commune de La Plagne Tarentaise, au dessus du village de La C\u00f4te d\u2019Aime apr\u00e8s Les Bergeries. &nbsp; Coordonn\u00e9es GPS : 45.579876, 6.670587 Depuis Chamb\u00e9ry : A43 vers Albertville Depuis Grenoble : A41 puis A43 vers Albertville Continuer sur Mo\u00fbtiers, puis Aime \/ Bourg-St-Maurice Sortir \u00e0 &hellip; <a href=\"https:\/\/www.lebioley.com\/savoie\/acces\/\" class=\"more-link\">Continuer la lecture<span class=\"screen-reader-text\"> de &laquo;&nbsp;Acc\u00e8s au Camping Le Bioley&nbsp;&raquo;<\/span><\/a><\/p>\n","protected":false},"author":5,"featured_media":0,"parent":0,"menu_order":80,"comment_status":"closed","ping_status":"closed","template":"","meta":{"_acf_changed":false,"footnotes":"","_links_to":"","_links_to_target":""},"acf":[],"aioseo_notices":[],"_links":{"self":[{"href":"https:\/\/www.lebioley.com\/savoie\/wp-json\/wp\/v2\/pages\/18"}],"collection":[{"href":"https:\/\/www.lebioley.com\/savoie\/wp-json\/wp\/v2\/pages"}],"about":[{"href":"https:\/\/www.lebioley.com\/savoie\/wp-json\/wp\/v2\/types\/page"}],"author":[{"embeddable":true,"href":"https:\/\/www.lebioley.com\/savoie\/wp-json\/wp\/v2\/users\/5"}],"replies":[{"embeddable":true,"href":"https:\/\/www.lebioley.com\/savoie\/wp-json\/wp\/v2\/comments?post=18"}],"version-history":[{"count":12,"href":"https:\/\/www.lebioley.com\/savoie\/wp-json\/wp\/v2\/pages\/18\/revisions"}],"predecessor-version":[{"id":1020,"href":"https:\/\/www.lebioley.com\/savoie\/wp-json\/wp\/v2\/pages\/18\/revisions\/1020"}],"wp:attachment":[{"href":"https:\/\/www.lebioley.com\/savoie\/wp-json\/wp\/v2\/media?parent=18"}],"curies":[{"name":"wp","href":"https:\/\/api.w.org\/{rel}","templated":true}]}}